{"id":11094,"date":"2020-10-12T11:48:27","date_gmt":"2020-10-12T09:48:27","guid":{"rendered":"https:\/\/www.parisenunclic.fr\/homepage\/"},"modified":"2024-02-27T12:26:08","modified_gmt":"2024-02-27T11:26:08","slug":"homepage","status":"publish","type":"page","link":"https:\/\/www.parisenunclic.fr\/es\/","title":{"rendered":"Paris en Un Clic \u2013 Reserva de actividades y excursiones en Par\u00eds"},"content":{"rendered":"","protected":false},"excerpt":{"rendered":"","protected":false},"author":3,"featured_media":0,"parent":0,"menu_order":0,"comment_status":"closed","ping_status":"closed","template":"","meta":{"_acf_changed":false,"footnotes":""},"folder":[],"class_list":["post-11094","page","type-page","status-publish","hentry"],"acf":[],"yoast_head":"<!-- This site is optimized with the Yoast SEO plugin v27.5 - https:\/\/yoast.com\/product\/yoast-seo-wordpress\/ -->\n<title>Paris en Un Clic \u2013 Reserva de actividades y excursiones en Par\u00eds<\/title>\n<meta name=\"description\" content=\"Para un d\u00eda, una noche o un fin de semana: Paris en Un Clic le trae lo mejor de Par\u00eds. Reserve al mejor precio.\" \/>\n<meta name=\"robots\" content=\"index, follow, max-snippet:-1, max-image-preview:large, max-video-preview:-1\" \/>\n<link rel=\"canonical\" href=\"https:\/\/www.parisenunclic.fr\/es\/\" \/>\n<meta property=\"og:locale\" content=\"es_ES\" \/>\n<meta property=\"og:type\" content=\"article\" \/>\n<meta property=\"og:title\" content=\"Paris en Un Clic \u2013 Reserva de actividades y excursiones en Par\u00eds\" \/>\n<meta property=\"og:description\" content=\"Para un d\u00eda, una noche o un fin de semana: Paris en Un Clic le trae lo mejor de Par\u00eds. Reserve al mejor precio.\" \/>\n<meta property=\"og:url\" content=\"https:\/\/www.parisenunclic.fr\/es\/\" \/>\n<meta property=\"og:site_name\" content=\"Paris en Un Clic\" \/>\n<meta property=\"article:modified_time\" content=\"2024-02-27T11:26:08+00:00\" \/>\n<meta property=\"og:image\" content=\"https:\/\/www.parisenunclic.fr\/wp-content\/uploads\/2023\/06\/logo_paris_en_un_clic.png\" \/>\n\t<meta property=\"og:image:width\" content=\"440\" \/>\n\t<meta property=\"og:image:height\" content=\"448\" \/>\n\t<meta property=\"og:image:type\" content=\"image\/png\" \/>\n<meta name=\"twitter:card\" content=\"summary_large_image\" \/>\n<meta name=\"twitter:label1\" content=\"Tiempo de lectura\" \/>\n\t<meta name=\"twitter:data1\" content=\"2 minutos\" \/>\n<script type=\"application\/ld+json\" class=\"yoast-schema-graph\">{\"@context\":\"https:\\\/\\\/schema.org\",\"@graph\":[{\"@type\":\"WebPage\",\"@id\":\"https:\\\/\\\/www.parisenunclic.fr\\\/es\\\/\",\"url\":\"https:\\\/\\\/www.parisenunclic.fr\\\/es\\\/\",\"name\":\"Paris en Un Clic \u2013 Reserva de actividades y excursiones en Par\u00eds\",\"isPartOf\":{\"@id\":\"https:\\\/\\\/www.parisenunclic.fr\\\/es\\\/#website\"},\"datePublished\":\"2020-10-12T09:48:27+00:00\",\"dateModified\":\"2024-02-27T11:26:08+00:00\",\"description\":\"Para un d\u00eda, una noche o un fin de semana: Paris en Un Clic le trae lo mejor de Par\u00eds. Reserve al mejor precio.\",\"inLanguage\":\"es\",\"potentialAction\":[{\"@type\":\"ReadAction\",\"target\":[\"https:\\\/\\\/www.parisenunclic.fr\\\/es\\\/\"]}]},{\"@type\":\"WebSite\",\"@id\":\"https:\\\/\\\/www.parisenunclic.fr\\\/es\\\/#website\",\"url\":\"https:\\\/\\\/www.parisenunclic.fr\\\/es\\\/\",\"name\":\"Paris en Un Clic\",\"description\":\"R\u00e9servation de Sorties \u00e0 Paris\",\"publisher\":{\"@id\":\"https:\\\/\\\/www.parisenunclic.fr\\\/es\\\/#organization\"},\"potentialAction\":[{\"@type\":\"SearchAction\",\"target\":{\"@type\":\"EntryPoint\",\"urlTemplate\":\"https:\\\/\\\/www.parisenunclic.fr\\\/es\\\/?s={search_term_string}\"},\"query-input\":{\"@type\":\"PropertyValueSpecification\",\"valueRequired\":true,\"valueName\":\"search_term_string\"}}],\"inLanguage\":\"es\"},{\"@type\":\"Organization\",\"@id\":\"https:\\\/\\\/www.parisenunclic.fr\\\/es\\\/#organization\",\"name\":\"Paris en un Clic\",\"url\":\"https:\\\/\\\/www.parisenunclic.fr\\\/es\\\/\",\"logo\":{\"@type\":\"ImageObject\",\"inLanguage\":\"es\",\"@id\":\"https:\\\/\\\/www.parisenunclic.fr\\\/es\\\/#\\\/schema\\\/logo\\\/image\\\/\",\"url\":\"https:\\\/\\\/www.parisenunclic.fr\\\/wp-content\\\/uploads\\\/2023\\\/06\\\/logo_paris_en_un_clic.png\",\"contentUrl\":\"https:\\\/\\\/www.parisenunclic.fr\\\/wp-content\\\/uploads\\\/2023\\\/06\\\/logo_paris_en_un_clic.png\",\"width\":440,\"height\":448,\"caption\":\"Paris en un Clic\"},\"image\":{\"@id\":\"https:\\\/\\\/www.parisenunclic.fr\\\/es\\\/#\\\/schema\\\/logo\\\/image\\\/\"}}]}<\/script>\n<!-- \/ Yoast SEO plugin. -->","yoast_head_json":{"title":"Paris en Un Clic \u2013 Reserva de actividades y excursiones en Par\u00eds","description":"Para un d\u00eda, una noche o un fin de semana: Paris en Un Clic le trae lo mejor de Par\u00eds. Reserve al mejor precio.","robots":{"index":"index","follow":"follow","max-snippet":"max-snippet:-1","max-image-preview":"max-image-preview:large","max-video-preview":"max-video-preview:-1"},"canonical":"https:\/\/www.parisenunclic.fr\/es\/","og_locale":"es_ES","og_type":"article","og_title":"Paris en Un Clic \u2013 Reserva de actividades y excursiones en Par\u00eds","og_description":"Para un d\u00eda, una noche o un fin de semana: Paris en Un Clic le trae lo mejor de Par\u00eds. Reserve al mejor precio.","og_url":"https:\/\/www.parisenunclic.fr\/es\/","og_site_name":"Paris en Un Clic","article_modified_time":"2024-02-27T11:26:08+00:00","og_image":[{"width":440,"height":448,"url":"https:\/\/www.parisenunclic.fr\/wp-content\/uploads\/2023\/06\/logo_paris_en_un_clic.png","type":"image\/png"}],"twitter_card":"summary_large_image","twitter_misc":{"Tiempo de lectura":"2 minutos"},"schema":{"@context":"https:\/\/schema.org","@graph":[{"@type":"WebPage","@id":"https:\/\/www.parisenunclic.fr\/es\/","url":"https:\/\/www.parisenunclic.fr\/es\/","name":"Paris en Un Clic \u2013 Reserva de actividades y excursiones en Par\u00eds","isPartOf":{"@id":"https:\/\/www.parisenunclic.fr\/es\/#website"},"datePublished":"2020-10-12T09:48:27+00:00","dateModified":"2024-02-27T11:26:08+00:00","description":"Para un d\u00eda, una noche o un fin de semana: Paris en Un Clic le trae lo mejor de Par\u00eds. Reserve al mejor precio.","inLanguage":"es","potentialAction":[{"@type":"ReadAction","target":["https:\/\/www.parisenunclic.fr\/es\/"]}]},{"@type":"WebSite","@id":"https:\/\/www.parisenunclic.fr\/es\/#website","url":"https:\/\/www.parisenunclic.fr\/es\/","name":"Paris en Un Clic","description":"R\u00e9servation de Sorties \u00e0 Paris","publisher":{"@id":"https:\/\/www.parisenunclic.fr\/es\/#organization"},"potentialAction":[{"@type":"SearchAction","target":{"@type":"EntryPoint","urlTemplate":"https:\/\/www.parisenunclic.fr\/es\/?s={search_term_string}"},"query-input":{"@type":"PropertyValueSpecification","valueRequired":true,"valueName":"search_term_string"}}],"inLanguage":"es"},{"@type":"Organization","@id":"https:\/\/www.parisenunclic.fr\/es\/#organization","name":"Paris en un Clic","url":"https:\/\/www.parisenunclic.fr\/es\/","logo":{"@type":"ImageObject","inLanguage":"es","@id":"https:\/\/www.parisenunclic.fr\/es\/#\/schema\/logo\/image\/","url":"https:\/\/www.parisenunclic.fr\/wp-content\/uploads\/2023\/06\/logo_paris_en_un_clic.png","contentUrl":"https:\/\/www.parisenunclic.fr\/wp-content\/uploads\/2023\/06\/logo_paris_en_un_clic.png","width":440,"height":448,"caption":"Paris en un Clic"},"image":{"@id":"https:\/\/www.parisenunclic.fr\/es\/#\/schema\/logo\/image\/"}}]}},"_links":{"self":[{"href":"https:\/\/www.parisenunclic.fr\/es\/wp-json\/wp\/v2\/pages\/11094","targetHints":{"allow":["GET"]}}],"collection":[{"href":"https:\/\/www.parisenunclic.fr\/es\/wp-json\/wp\/v2\/pages"}],"about":[{"href":"https:\/\/www.parisenunclic.fr\/es\/wp-json\/wp\/v2\/types\/page"}],"author":[{"embeddable":true,"href":"https:\/\/www.parisenunclic.fr\/es\/wp-json\/wp\/v2\/users\/3"}],"replies":[{"embeddable":true,"href":"https:\/\/www.parisenunclic.fr\/es\/wp-json\/wp\/v2\/comments?post=11094"}],"version-history":[{"count":0,"href":"https:\/\/www.parisenunclic.fr\/es\/wp-json\/wp\/v2\/pages\/11094\/revisions"}],"wp:attachment":[{"href":"https:\/\/www.parisenunclic.fr\/es\/wp-json\/wp\/v2\/media?parent=11094"}],"wp:term":[{"taxonomy":"folder","embeddable":true,"href":"https:\/\/www.parisenunclic.fr\/es\/wp-json\/wp\/v2\/folder?post=11094"}],"curies":[{"name":"wp","href":"https:\/\/api.w.org\/{rel}","templated":true}]}}